{"id":472,"date":"2018-08-09T18:32:22","date_gmt":"2018-08-09T16:32:22","guid":{"rendered":"https:\/\/f3centre.se\/?page_id=472"},"modified":"2023-01-18T14:30:20","modified_gmt":"2023-01-18T13:30:20","slug":"fakta","status":"publish","type":"page","link":"https:\/\/staging.f3centre.se\/sv\/fakta\/","title":{"rendered":"Fakta"},"content":{"rendered":"<h2>Information om f\u00f6rnybara drivmedel<\/h2>\n<p>Det finns m\u00e5nga olika f\u00f6rnybara drivmedel f\u00f6r transporter. f3 har med hj\u00e4lp av experter i sitt n\u00e4tverk tagit fram grundl\u00e4ggande information om de vanligaste drivmedlen, r\u00e5varor f\u00f6r<br \/>\ndrivmedelsproduktion, omvandlingsprocesser och relaterade \u00e4mnen som reglering och policy.<\/p>\n<p>Vi kallar formatet p\u00e5 informationen f\u00f6r faktablad och p\u00e5 den h\u00e4r sidan kan du l\u00e4sa och ladda ner den.<\/p>\n<p>I v\u00e5rt <a href=\"https:\/\/staging.f3centre.se\/sv\/publikationer\/\">publikationsbibliotek<\/a> kan du s\u00f6ka bland alla v\u00e5ra publikationer om f\u00f6rnybara drivmedel, s\u00e5som sammanfattningar, rapporter och broschyrer.<\/p>\n","protected":false},"excerpt":{"rendered":"<p>Information om f\u00f6rnybara drivmedel Det finns m\u00e5nga olika f\u00f6rnybara drivmedel f\u00f6r transporter. f3 har med hj\u00e4lp av experter i sitt n\u00e4tverk tagit fram grundl\u00e4ggande information om de vanligaste drivmedlen, r\u00e5varor f\u00f6r drivmedelsproduktion, omvandlingsprocesser och relaterade \u00e4mnen som reglering och policy. Vi kallar formatet p\u00e5 informationen f\u00f6r faktablad och p\u00e5 den h\u00e4r sidan kan du l\u00e4sa [&hellip;]<\/p>\n","protected":false},"author":1,"featured_media":7051,"parent":0,"menu_order":0,"comment_status":"closed","ping_status":"closed","template":"page-factsheet.php","meta":{"footnotes":""},"class_list":["post-472","page","type-page","status-publish","has-post-thumbnail","hentry"],"_links":{"self":[{"href":"https:\/\/staging.f3centre.se\/sv\/wp-json\/wp\/v2\/pages\/472","targetHints":{"allow":["GET"]}}],"collection":[{"href":"https:\/\/staging.f3centre.se\/sv\/wp-json\/wp\/v2\/pages"}],"about":[{"href":"https:\/\/staging.f3centre.se\/sv\/wp-json\/wp\/v2\/types\/page"}],"author":[{"embeddable":true,"href":"https:\/\/staging.f3centre.se\/sv\/wp-json\/wp\/v2\/users\/1"}],"replies":[{"embeddable":true,"href":"https:\/\/staging.f3centre.se\/sv\/wp-json\/wp\/v2\/comments?post=472"}],"version-history":[{"count":13,"href":"https:\/\/staging.f3centre.se\/sv\/wp-json\/wp\/v2\/pages\/472\/revisions"}],"predecessor-version":[{"id":7198,"href":"https:\/\/staging.f3centre.se\/sv\/wp-json\/wp\/v2\/pages\/472\/revisions\/7198"}],"wp:featuredmedia":[{"embeddable":true,"href":"https:\/\/staging.f3centre.se\/sv\/wp-json\/wp\/v2\/media\/7051"}],"wp:attachment":[{"href":"https:\/\/staging.f3centre.se\/sv\/wp-json\/wp\/v2\/media?parent=472"}],"curies":[{"name":"wp","href":"https:\/\/api.w.org\/{rel}","templated":true}]}}