{"id":13,"date":"2018-08-09T15:11:13","date_gmt":"2018-08-09T13:11:13","guid":{"rendered":"https:\/\/f3centre.se\/?page_id=13"},"modified":"2022-12-05T13:22:52","modified_gmt":"2022-12-05T12:22:52","slug":"for-medlemmar","status":"publish","type":"page","link":"https:\/\/staging.f3centre.se\/sv\/for-medlemmar\/","title":{"rendered":"F\u00f6r medlemmar"},"content":{"rendered":"<p>Det h\u00e4r \u00e4r det inloggningsskyddade lagret p\u00e5 f3:s webbplats. H\u00e4r finns information som \u00e4r relevant f3:s partsrepresentanter och -koordinatorer i era respektive uppdrag\/roller. Informationen \u00e4r intern och ska inte spridas. Inloggningsuppgifterna till det l\u00e5sta lagret f\u00e5r aldrig l\u00e4mnas ut till personer utanf\u00f6r kretsen av partsrepresentanter och -koordinatorer. Det \u00e4r alltid kansliet som avg\u00f6r vem som f\u00e5r tillg\u00e5ng till inloggningsuppgifterna.<\/p>\n<p>Nedan listas aktuella dokument i olika kategorier. De uppdateras n\u00e4r nya versioner fastsl\u00e5s. M\u00f6tesprotokoll omfattar det senaste \u00e5rets m\u00f6ten. Beh\u00f6ver du tillg\u00e5 \u00e4ldre protokoll \u00e4n s\u00e5, kontakta f3:s kansli.<\/p>\n<p>Observera att dokumenten som delas h\u00e4r r\u00f6r f3. Dokument om\/f\u00f6r samverkansprogrammet F\u00f6rnybara drivmedel och system kan l\u00e4mnas ut efter kontakt med kansliet.<\/p>\n<h3>Styrdokument (fastslagna 2020-02-06)<\/h3>\n<ul>\n<li><a href=\"https:\/\/staging.f3centre.se\/app\/uploads\/Verksamhetsplan-f%C3%B6r-Etapp-3-2018-2021_191203.pdf\">f3 Verksamhetsplan<\/a><\/li>\n<li><a href=\"https:\/\/staging.f3centre.se\/app\/uploads\/Styrdokument_A_Styrelsens-arbetsordning_180904.pdf\">Styrelsens arbetsordning<\/a><\/li>\n<li><a href=\"https:\/\/staging.f3centre.se\/app\/uploads\/Styrdokument_B_Koordinatorernas-uppdragsbeskrivning_180912.pdf\">Koordinatorernas uppdragsbeskrivning<\/a><\/li>\n<li><a href=\"https:\/\/staging.f3centre.se\/app\/uploads\/Styrdokument_C-Projektprocess_191203.pdf\">Projektprocess<\/a><\/li>\n<li><a href=\"https:\/\/staging.f3centre.se\/app\/uploads\/Styrdokument_D_Publiceringspolicy_200124.pdf\">Publiceringspolicy<\/a><\/li>\n<li><a href=\"https:\/\/staging.f3centre.se\/app\/uploads\/Styrdokument_E-Kommunikationsplan_191203.pdf\">Kommunikationsplan<\/a><\/li>\n<\/ul>\n<h3>M\u00f6tesprotokoll<\/h3>\n<ul>\n<li>f3 <a href=\"https:\/\/staging.f3centre.se\/app\/uploads\/Protokoll_Styrelsemo%CC%88te-42_200505_JUSTERAT_200608.pdf\">Styrelsem\u00f6te<\/a> 5 maj 2020 + <a href=\"https:\/\/staging.f3centre.se\/app\/uploads\/Presentation_-Styrelsem%C3%B6te-42_200505.pdf\">Presentation<\/a><\/li>\n<li>f3 <a href=\"https:\/\/staging.f3centre.se\/app\/uploads\/Protokoll_partst%C3%A4mma_11_200206_JUSTERAT-200316.pdf\">Partsst\u00e4mma<\/a> 6 februari 2020 + <a href=\"https:\/\/staging.f3centre.se\/app\/uploads\/Partst%C3%A4mma-11_Bilaga-9_Presentation_200206.pdf\">Presentation<\/a><\/li>\n<li>f3 <a href=\"https:\/\/staging.f3centre.se\/app\/uploads\/Protokoll_Styrelsem%C3%B6te_41_200206_JUSTERAT-200225.pdf\">Styrelsem\u00f6te<\/a> 6 februari 2020 + <a href=\"https:\/\/staging.f3centre.se\/app\/uploads\/Presentation_Styrelsem%C3%B6te_41_200206.pdf\">Presentation<\/a><\/li>\n<li><a href=\"https:\/\/staging.f3centre.se\/app\/uploads\/Protokoll_f3-Partsst%C3%A4mma-10_190129_Justerat-190304.pdf\" target=\"_blank\" rel=\"noopener noreferrer\">f3 Partsst\u00e4mma 2019<\/a> (januari 2019)<\/li>\n<li><a href=\"https:\/\/staging.f3centre.se\/app\/uploads\/Protokoll-Partsst%C3%A4mma-9_180220_JUSTERAT-SCAN.pdf\" target=\"_blank\" rel=\"noopener noreferrer\">f3 Partsst\u00e4mma 2018<\/a> (februari 2018)<\/li>\n<\/ul>\n<h3>Koordinatorer<\/h3>\n<p>H\u00e4r distribueras material som ber\u00f6r koordinatorernas arbete (ut\u00f6ver det som beskrivs i styrdokument).<\/p>\n<h3>Kontaktuppgifter\/n\u00e4tverk<\/h3>\n<p>Kontakta kansliet f\u00f6r kontaktuppgifter till partsrepresentanter. Mejladresser till koordinatorer hittar du <a href=\"https:\/\/staging.f3centre.se\/sv\/om-f3\/\" target=\"_blank\" rel=\"noopener noreferrer\">h\u00e4r<\/a> (scrolla ner).<\/p>\n<h3>Presentationer, mallar och formul\u00e4r<\/h3>\n<p>H\u00e4r listas material f\u00f6r presentation av f3:s verksamhet i olika sammanhang, samt mallar f\u00f6r rapportering och formul\u00e4r f\u00f6r projektans\u00f6kningar etc. Listan uppdateras.<br \/>\nKlicka p\u00e5 l\u00e4nkarna, f\u00f6r wordfiler: scrolla ner f\u00f6r att ladda ner materialet.<\/p>\n<ul>\n<li><a href=\"https:\/\/staging.f3centre.se\/app\/uploads\/f3-Budskap-Broschyr-LR.pdf\">Forskningsbaserade slutsatser om f\u00f6rnybara drivmedel<\/a> (broschyr, kontakta f3-kansliet f\u00f6r tryckta exemplar)<\/li>\n<li><a href=\"https:\/\/staging.f3centre.se\/app\/uploads\/f3-FDOS_Projekt-resultat-och-aktiviteter-2014-2017.pdf\">Projekt, resultat och aktiviteter 2014-2017<\/a> (Rapport, finns som pdf och trycksak &#8211; kontakta kansliet)<\/li>\n<li><a href=\"https:\/\/staging.f3centre.se\/sv\/form-f3-project-proposal_v191206\/\" target=\"_blank\" rel=\"noopener noreferrer\">Ans\u00f6kan mindre f3-projekt<\/a><\/li>\n<li><a href=\"https:\/\/staging.f3centre.se\/sv\/formatmall-rapport-fran-f3-projekt_200310\/\">Rapportmall mindre f3-projekt<\/a><\/li>\n<li>PPT (sv) med st\u00f6dord (Uppdateras, l\u00e4nkas s\u00e5 fort den \u00e4r klar!)<\/li>\n<li>PPT (eng) med st\u00f6dord (Uppdateras, l\u00e4nkas s\u00e5 fort den \u00e4r klar!)<\/li>\n<\/ul>\n<h3>Kalendarium: kommande m\u00f6ten och aktiviteter<\/h3>\n<p><strong>2020<\/strong><\/p>\n<ul>\n<li>4 november: Webbinarium om resultat fr\u00e5n programpojektet \u201dN\u00e4tverk, lokala styrmedel och offentlig upphandling som fr\u00e4mjar biogasutveckling\u201d<\/li>\n<li>6 november: Hur bidrar elektrifiering och biodrivmedel till klimatneutralitet i transportsektorn? Lunchwebbinarium tillsammans med Swedish Electromobility Centre<\/li>\n<li>11 november: Webbinarium om resultat fr\u00e5n programprojektet \u201dDrop-in br\u00e4nslen fr\u00e5n svartlutsdelstr\u00f6mmar \u2013 \u00f6verbryggning av gapet mellan kort- och l\u00e5ngsiktiga tekniksp\u00e5r\u201d<\/li>\n<li>25 november: Programkonferens, samverkansprogrammet F\u00f6rnybara drivmedel och system<\/li>\n<li>3 december: Styrelsem\u00f6te<\/li>\n<\/ul>\n<p><strong>2021<\/strong><\/p>\n<ul>\n<li>4 februari 2021: Partsst\u00e4mma<\/li>\n<li>5-6 maj (prelimin\u00e4rt): Styrelseresa till Helsingfors<\/li>\n<\/ul>\n<h3><strong>Exklusivt material f\u00f6r f3:s parter listas nedan<\/strong><\/h3>\n<ul>\n<li><a href=\"https:\/\/staging.f3centre.se\/app\/uploads\/JEC_ALL_presentation_15Oct2020.pdf\">Presentation: JEC WTW v5 Well-to-Wheels analysis of future automotive fuels and powertrains in the European context<\/a><br \/>\nMarta Yugo, Concawe; Matteo Prussi, EC; Luis De Prada, EUCAR<\/li>\n<\/ul>\n","protected":false},"excerpt":{"rendered":"<p>Det h\u00e4r \u00e4r det inloggningsskyddade lagret p\u00e5 f3:s webbplats. H\u00e4r finns information som \u00e4r relevant f3:s partsrepresentanter och -koordinatorer i era respektive uppdrag\/roller. Informationen \u00e4r intern och ska inte spridas. Inloggningsuppgifterna till det l\u00e5sta lagret f\u00e5r aldrig l\u00e4mnas ut till personer utanf\u00f6r kretsen av partsrepresentanter och -koordinatorer. Det \u00e4r alltid kansliet som avg\u00f6r vem som [&hellip;]<\/p>\n","protected":false},"author":1,"featured_media":0,"parent":0,"menu_order":0,"comment_status":"closed","ping_status":"closed","template":"page-partner.php","meta":{"footnotes":""},"class_list":["post-13","page","type-page","status-publish","hentry"],"_links":{"self":[{"href":"https:\/\/staging.f3centre.se\/sv\/wp-json\/wp\/v2\/pages\/13","targetHints":{"allow":["GET"]}}],"collection":[{"href":"https:\/\/staging.f3centre.se\/sv\/wp-json\/wp\/v2\/pages"}],"about":[{"href":"https:\/\/staging.f3centre.se\/sv\/wp-json\/wp\/v2\/types\/page"}],"author":[{"embeddable":true,"href":"https:\/\/staging.f3centre.se\/sv\/wp-json\/wp\/v2\/users\/1"}],"replies":[{"embeddable":true,"href":"https:\/\/staging.f3centre.se\/sv\/wp-json\/wp\/v2\/comments?post=13"}],"version-history":[{"count":29,"href":"https:\/\/staging.f3centre.se\/sv\/wp-json\/wp\/v2\/pages\/13\/revisions"}],"predecessor-version":[{"id":6894,"href":"https:\/\/staging.f3centre.se\/sv\/wp-json\/wp\/v2\/pages\/13\/revisions\/6894"}],"wp:attachment":[{"href":"https:\/\/staging.f3centre.se\/sv\/wp-json\/wp\/v2\/media?parent=13"}],"curies":[{"name":"wp","href":"https:\/\/api.w.org\/{rel}","templated":true}]}}