{"id":977,"date":"2018-08-09T15:11:13","date_gmt":"2018-08-09T13:11:13","guid":{"rendered":"https:\/\/f3centre.se\/for-parter\/"},"modified":"2022-12-09T15:24:36","modified_gmt":"2022-12-09T14:24:36","slug":"for-members","status":"publish","type":"page","link":"https:\/\/staging.f3centre.se\/en\/for-members\/","title":{"rendered":"For members"},"content":{"rendered":"<p>Det h\u00e4r \u00e4r det inloggningsskyddade lagret p\u00e5 f3:s webbplats. H\u00e4r finns information som \u00e4r relevant f3:s partsrepresentanter och -koordinatorer i era respektive uppdrag\/roller. Informationen \u00e4r intern och ska inte spridas utan medgivande fr\u00e5n f3. Inloggningsuppgifterna till det l\u00e5sta lagret f\u00e5r under inga omst\u00e4ndigheter l\u00e4mnas ut till personer utanf\u00f6r kretsen av partsrepresentanter och -koordinatorer. Det \u00e4r alltid kansliet som avg\u00f6r vem som f\u00e5r tillg\u00e5ng till inloggningsuppgifterna.<\/p>\n<p>Nedan listas aktuella dokument i olika kategorier. De uppdateras n\u00e4r nya versioner fastsl\u00e5s. M\u00f6tesprotokoll omfattar det senaste \u00e5rets m\u00f6ten. Beh\u00f6ver du tillg\u00e5 \u00e4ldre protokoll \u00e4n s\u00e5, kontakta f3:s kansli.<\/p>\n<p>Observera att dokumenten som delas h\u00e4r r\u00f6r f3. Dokument om\/f\u00f6r samverkansprogrammet F\u00f6rnybara drivmedel och system kan l\u00e4mnas ut efter kontakt med kansliet.<\/p>\n<h3>Styrdokument (fastslagna 2019-01-29)<\/h3>\n<ul>\n<li><a href=\"https:\/\/staging.f3centre.se\/app\/uploads\/Verksamhetsplan-f%C3%B6r-Etapp-3-2018-2021_180904.pdf\" target=\"_blank\" rel=\"noopener noreferrer\">f3 Verksamhetsplan<\/a><\/li>\n<li><a href=\"https:\/\/staging.f3centre.se\/app\/uploads\/Styrdokument_A-%E2%80%93-Styrelsens-arbetsordning_180904.pdf\" target=\"_blank\" rel=\"noopener noreferrer\">Styrelsens arbetsordning<\/a><\/li>\n<li><a href=\"https:\/\/staging.f3centre.se\/app\/uploads\/Styrdokument_B-Koordinatorernas-uppdragsbeskrivning_180912.pdf\" target=\"_blank\" rel=\"noopener noreferrer\">Koordinatorernas uppdragsbeskrivning<\/a><\/li>\n<li><a href=\"https:\/\/staging.f3centre.se\/app\/uploads\/Styrdokument_C-Projektprocess_180904.pdf\" target=\"_blank\" rel=\"noopener noreferrer\">Projektprocess<\/a><\/li>\n<li><a href=\"https:\/\/staging.f3centre.se\/app\/uploads\/Styrdokument_D-Publiceringspolicy_171026.pdf\" target=\"_blank\" rel=\"noopener noreferrer\">Publiceringspolicy<\/a><\/li>\n<li><a href=\"https:\/\/staging.f3centre.se\/app\/uploads\/Styrdokument_E-Kommunikationsplan_171026.pdf\" target=\"_blank\" rel=\"noopener noreferrer\">Kommunikationsplan<\/a><\/li>\n<\/ul>\n<h3>M\u00f6tesprotokoll<\/h3>\n<ul>\n<li><a href=\"https:\/\/staging.f3centre.se\/app\/uploads\/Protokoll_f3-Partsst%C3%A4mma-10_190129_Justerat-190304.pdf\" target=\"_blank\" rel=\"noopener noreferrer\">f3 Partsst\u00e4mma 2019<\/a> (januari 2019)<\/li>\n<li><a href=\"https:\/\/staging.f3centre.se\/app\/uploads\/Protokoll-Partsst%C3%A4mma-9_180220_JUSTERAT-SCAN.pdf\" target=\"_blank\" rel=\"noopener noreferrer\">f3 Partsst\u00e4mma 2018<\/a> (februari 2018)<\/li>\n<\/ul>\n<h3>Koordinatorer<\/h3>\n<p>H\u00e4r distribueras material som ber\u00f6r koordinatorernas arbete (ut\u00f6ver det som beskrivs i styrdokument).<\/p>\n<h3>Kontaktuppgifter\/n\u00e4tverk<\/h3>\n<p>Kontakta kansliet f\u00f6r kontaktuppgifter till partsrepresentanter. Mejladresser till koordinatorer hittar du <a href=\"https:\/\/staging.f3centre.se\/sv\/om-f3\/\" target=\"_blank\" rel=\"noopener noreferrer\">h\u00e4r<\/a> (scrolla ner)<\/p>\n<h3>Presentationer, mallar och formul\u00e4r<\/h3>\n<p>H\u00e4r listas material f\u00f6r presentation av f3:s verksamhet i olika sammanhang, samt mallar f\u00f6r rapportering och formul\u00e4r f\u00f6r projektans\u00f6kningar etc. Listan uppdateras. Klicka p\u00e5 l\u00e4nkarna och scrolla ner f\u00f6r att ladda ner materialet.<\/p>\n<ul>\n<li>PPT med st\u00f6dord (SV)<\/li>\n<li>PPT med st\u00f6dord (ENG)<\/li>\n<li><a href=\"https:\/\/staging.f3centre.se\/sv\/form-f3-project-proposal_v191206\/\" target=\"_blank\" rel=\"noopener noreferrer\">Ans\u00f6kan mindre f3-projekt<\/a><\/li>\n<li><a href=\"https:\/\/staging.f3centre.se\/sv\/formatmall-rapport-fran-f3-projekt_191206\/\" target=\"_blank\" rel=\"noopener noreferrer\">Rapportmall mindre f3-projekt<\/a><\/li>\n<\/ul>\n<h3>Kalendarium: kommande m\u00f6ten och aktiviteter<\/h3>\n<ul>\n<li>6 februari 2020: Styrelsem\u00f6te (fm) och partsst\u00e4mma (em), G\u00f6teborg<\/li>\n<li>19 februari 2020: Utlysning 3 i samverkansprogrammet st\u00e4nger<\/li>\n<li>17-18 mars 2020: Studieresa till Finland, v\u00e4rd: Neste<\/li>\n<\/ul>\n","protected":false},"excerpt":{"rendered":"<p>Det h\u00e4r \u00e4r det inloggningsskyddade lagret p\u00e5 f3:s webbplats. H\u00e4r finns information som \u00e4r relevant f3:s partsrepresentanter och -koordinatorer i era respektive uppdrag\/roller. Informationen \u00e4r intern och ska inte spridas utan medgivande fr\u00e5n f3. Inloggningsuppgifterna till det l\u00e5sta lagret f\u00e5r under inga omst\u00e4ndigheter l\u00e4mnas ut till personer utanf\u00f6r kretsen av partsrepresentanter och -koordinatorer. Det \u00e4r [&hellip;]<\/p>\n","protected":false},"author":1,"featured_media":0,"parent":0,"menu_order":0,"comment_status":"closed","ping_status":"closed","template":"page-partner.php","meta":{"footnotes":""},"class_list":["post-977","page","type-page","status-publish","hentry"],"_links":{"self":[{"href":"https:\/\/staging.f3centre.se\/en\/wp-json\/wp\/v2\/pages\/977","targetHints":{"allow":["GET"]}}],"collection":[{"href":"https:\/\/staging.f3centre.se\/en\/wp-json\/wp\/v2\/pages"}],"about":[{"href":"https:\/\/staging.f3centre.se\/en\/wp-json\/wp\/v2\/types\/page"}],"author":[{"embeddable":true,"href":"https:\/\/staging.f3centre.se\/en\/wp-json\/wp\/v2\/users\/1"}],"replies":[{"embeddable":true,"href":"https:\/\/staging.f3centre.se\/en\/wp-json\/wp\/v2\/comments?post=977"}],"version-history":[{"count":16,"href":"https:\/\/staging.f3centre.se\/en\/wp-json\/wp\/v2\/pages\/977\/revisions"}],"predecessor-version":[{"id":6929,"href":"https:\/\/staging.f3centre.se\/en\/wp-json\/wp\/v2\/pages\/977\/revisions\/6929"}],"wp:attachment":[{"href":"https:\/\/staging.f3centre.se\/en\/wp-json\/wp\/v2\/media?parent=977"}],"curies":[{"name":"wp","href":"https:\/\/api.w.org\/{rel}","templated":true}]}}